{"id":469,"date":"2026-03-17T00:30:57","date_gmt":"2026-03-17T00:30:57","guid":{"rendered":"https:\/\/grandeur-authentique.com\/?post_type=product&#038;p=469"},"modified":"2026-03-17T00:30:57","modified_gmt":"2026-03-17T00:30:57","slug":"liqaa-de-musky-2023","status":"publish","type":"product","link":"https:\/\/grandeur-authentique.com\/fr\/produit\/liqaa-de-musky-2023\/","title":{"rendered":"Liqaa de Musky (2023)"},"content":{"rendered":"<p>Liqaa de Musky (2023) est un parfum aromatique f\u00e9minin qui m\u00eale la fra\u00eecheur \u00e0 la douceur orientale. Il s&#8217;ouvre sur des notes p\u00e9tillantes de bergamote et de lavande, r\u00e9v\u00e9lant un c\u0153ur floral de jasmin, rose et iris, le tout reposant sur un fond gourmand de f\u00e8ve tonka, patchouli, r\u00e9glisse et vanille.<\/p>","protected":false},"excerpt":{"rendered":"<p>Liqaa de Musky (2023) est un parfum aromatique f\u00e9minin qui m\u00eale la fra\u00eecheur \u00e0 la douceur orientale. Il s&#8217;ouvre sur des notes p\u00e9tillantes de bergamote et de lavande, r\u00e9v\u00e9lant un c\u0153ur floral de jasmin, rose et iris, le tout reposant sur un fond gourmand de f\u00e8ve tonka, patchouli, r\u00e9glisse et vanille.<\/p>","protected":false},"featured_media":478,"comment_status":"open","ping_status":"closed","template":"","meta":[],"product_brand":[],"product_cat":[70],"product_tag":[73],"class_list":{"0":"post-469","1":"product","2":"type-product","3":"status-publish","4":"has-post-thumbnail","6":"product_cat-parfums","7":"product_tag-parfums","9":"first","10":"instock","11":"shipping-taxable","12":"purchasable","13":"product-type-simple"},"_links":{"self":[{"href":"https:\/\/grandeur-authentique.com\/fr\/wp-json\/wp\/v2\/product\/469","targetHints":{"allow":["GET"]}}],"collection":[{"href":"https:\/\/grandeur-authentique.com\/fr\/wp-json\/wp\/v2\/product"}],"about":[{"href":"https:\/\/grandeur-authentique.com\/fr\/wp-json\/wp\/v2\/types\/product"}],"replies":[{"embeddable":true,"href":"https:\/\/grandeur-authentique.com\/fr\/wp-json\/wp\/v2\/comments?post=469"}],"wp:featuredmedia":[{"embeddable":true,"href":"https:\/\/grandeur-authentique.com\/fr\/wp-json\/wp\/v2\/media\/478"}],"wp:attachment":[{"href":"https:\/\/grandeur-authentique.com\/fr\/wp-json\/wp\/v2\/media?parent=469"}],"wp:term":[{"taxonomy":"product_brand","embeddable":true,"href":"https:\/\/grandeur-authentique.com\/fr\/wp-json\/wp\/v2\/product_brand?post=469"},{"taxonomy":"product_cat","embeddable":true,"href":"https:\/\/grandeur-authentique.com\/fr\/wp-json\/wp\/v2\/product_cat?post=469"},{"taxonomy":"product_tag","embeddable":true,"href":"https:\/\/grandeur-authentique.com\/fr\/wp-json\/wp\/v2\/product_tag?post=469"}],"curies":[{"name":"wp","href":"https:\/\/api.w.org\/{rel}","templated":true}]}}