{"id":470,"date":"2026-03-17T00:32:10","date_gmt":"2026-03-17T00:32:10","guid":{"rendered":"https:\/\/grandeur-authentique.com\/?post_type=product&#038;p=470"},"modified":"2026-03-17T00:32:10","modified_gmt":"2026-03-17T00:32:10","slug":"kohl","status":"publish","type":"product","link":"https:\/\/grandeur-authentique.com\/fr\/produit\/kohl\/","title":{"rendered":"KOHL"},"content":{"rendered":"<p>Parfum Homme<\/p>\n<p>Kohl de Fragrance World est une fragrance \u00e9pic\u00e9e, bois\u00e9e et orientale pour l&#8217;homme moderne. L&#8217;ouverture m\u00eale encre, poivre et rhum pour un d\u00e9part audacieux.<\/p>","protected":false},"excerpt":{"rendered":"<p>Parfum Homme<\/p>\n<p>Kohl de Fragrance World est une fragrance \u00e9pic\u00e9e, bois\u00e9e et orientale pour l&#8217;homme moderne. L&#8217;ouverture m\u00eale encre, poivre et rhum pour un d\u00e9part audacieux.<\/p>","protected":false},"featured_media":483,"comment_status":"open","ping_status":"closed","template":"","meta":[],"product_brand":[],"product_cat":[70],"product_tag":[73],"class_list":{"0":"post-470","1":"product","2":"type-product","3":"status-publish","4":"has-post-thumbnail","6":"product_cat-parfums","7":"product_tag-parfums","9":"first","10":"instock","11":"shipping-taxable","12":"purchasable","13":"product-type-simple"},"_links":{"self":[{"href":"https:\/\/grandeur-authentique.com\/fr\/wp-json\/wp\/v2\/product\/470","targetHints":{"allow":["GET"]}}],"collection":[{"href":"https:\/\/grandeur-authentique.com\/fr\/wp-json\/wp\/v2\/product"}],"about":[{"href":"https:\/\/grandeur-authentique.com\/fr\/wp-json\/wp\/v2\/types\/product"}],"replies":[{"embeddable":true,"href":"https:\/\/grandeur-authentique.com\/fr\/wp-json\/wp\/v2\/comments?post=470"}],"wp:featuredmedia":[{"embeddable":true,"href":"https:\/\/grandeur-authentique.com\/fr\/wp-json\/wp\/v2\/media\/483"}],"wp:attachment":[{"href":"https:\/\/grandeur-authentique.com\/fr\/wp-json\/wp\/v2\/media?parent=470"}],"wp:term":[{"taxonomy":"product_brand","embeddable":true,"href":"https:\/\/grandeur-authentique.com\/fr\/wp-json\/wp\/v2\/product_brand?post=470"},{"taxonomy":"product_cat","embeddable":true,"href":"https:\/\/grandeur-authentique.com\/fr\/wp-json\/wp\/v2\/product_cat?post=470"},{"taxonomy":"product_tag","embeddable":true,"href":"https:\/\/grandeur-authentique.com\/fr\/wp-json\/wp\/v2\/product_tag?post=470"}],"curies":[{"name":"wp","href":"https:\/\/api.w.org\/{rel}","templated":true}]}}