{"id":471,"date":"2026-03-17T00:33:20","date_gmt":"2026-03-17T00:33:20","guid":{"rendered":"https:\/\/grandeur-authentique.com\/?post_type=product&#038;p=471"},"modified":"2026-03-17T00:33:21","modified_gmt":"2026-03-17T00:33:21","slug":"spice-perfumes","status":"publish","type":"product","link":"https:\/\/grandeur-authentique.com\/fr\/produit\/spice-perfumes\/","title":{"rendered":"SPICE PERFUMES"},"content":{"rendered":"<p>Les parfums de luxe \u00e9pic\u00e9s (spice perfumes) offrent des sillages intenses et sophistiqu\u00e9s, m\u00ealant des \u00e9pices chaudes (cannelle, girofle) ou froides (poivre, cardamome) \u00e0 des notes bois\u00e9es, ambr\u00e9es ou orientales. Ces fragrances, souvent mixtes, cr\u00e9ent des compositions envo\u00fbtantes, chaleureuses et persistantes, id\u00e9ales pour un caract\u00e8re audacieux et affirm\u00e9.<\/p>","protected":false},"excerpt":{"rendered":"<p>Les parfums de luxe \u00e9pic\u00e9s (spice perfumes) offrent des sillages intenses et sophistiqu\u00e9s, m\u00ealant des \u00e9pices chaudes (cannelle, girofle) ou froides (poivre, cardamome) \u00e0 des notes bois\u00e9es, ambr\u00e9es ou orientales. Ces fragrances, souvent mixtes, cr\u00e9ent des compositions envo\u00fbtantes, chaleureuses et persistantes, id\u00e9ales pour un caract\u00e8re audacieux et affirm\u00e9.<\/p>","protected":false},"featured_media":481,"comment_status":"open","ping_status":"closed","template":"","meta":[],"product_brand":[],"product_cat":[70],"product_tag":[73],"class_list":{"0":"post-471","1":"product","2":"type-product","3":"status-publish","4":"has-post-thumbnail","6":"product_cat-parfums","7":"product_tag-parfums","9":"first","10":"instock","11":"shipping-taxable","12":"purchasable","13":"product-type-simple"},"_links":{"self":[{"href":"https:\/\/grandeur-authentique.com\/fr\/wp-json\/wp\/v2\/product\/471","targetHints":{"allow":["GET"]}}],"collection":[{"href":"https:\/\/grandeur-authentique.com\/fr\/wp-json\/wp\/v2\/product"}],"about":[{"href":"https:\/\/grandeur-authentique.com\/fr\/wp-json\/wp\/v2\/types\/product"}],"replies":[{"embeddable":true,"href":"https:\/\/grandeur-authentique.com\/fr\/wp-json\/wp\/v2\/comments?post=471"}],"wp:featuredmedia":[{"embeddable":true,"href":"https:\/\/grandeur-authentique.com\/fr\/wp-json\/wp\/v2\/media\/481"}],"wp:attachment":[{"href":"https:\/\/grandeur-authentique.com\/fr\/wp-json\/wp\/v2\/media?parent=471"}],"wp:term":[{"taxonomy":"product_brand","embeddable":true,"href":"https:\/\/grandeur-authentique.com\/fr\/wp-json\/wp\/v2\/product_brand?post=471"},{"taxonomy":"product_cat","embeddable":true,"href":"https:\/\/grandeur-authentique.com\/fr\/wp-json\/wp\/v2\/product_cat?post=471"},{"taxonomy":"product_tag","embeddable":true,"href":"https:\/\/grandeur-authentique.com\/fr\/wp-json\/wp\/v2\/product_tag?post=471"}],"curies":[{"name":"wp","href":"https:\/\/api.w.org\/{rel}","templated":true}]}}