{"id":472,"date":"2026-03-17T00:34:23","date_gmt":"2026-03-17T00:34:23","guid":{"rendered":"https:\/\/grandeur-authentique.com\/?post_type=product&#038;p=472"},"modified":"2026-03-17T00:34:23","modified_gmt":"2026-03-17T00:34:23","slug":"shades-of-life","status":"publish","type":"product","link":"https:\/\/grandeur-authentique.com\/fr\/produit\/shades-of-life\/","title":{"rendered":"SHADES OF LIFE"},"content":{"rendered":"<p>Shades of Life Endurance par Al Haramain (souvent associ\u00e9 \u00e0 Al Halal) est une eau de parfum unisexe bois\u00e9e et aromatique, con\u00e7ue pour ceux qui aiment repousser leurs limites. Ce parfum \u00e9nergique et sophistiqu\u00e9 combine des notes d&#8217; ald\u00e9hydes, de jasmin, de patchouli, d&#8217;oud, de c\u00e8dre et de musc pour une exp\u00e9rience intense et durable.<span class=\"Apple-converted-space\">\u00a0<\/span><\/p>","protected":false},"excerpt":{"rendered":"<p>Shades of Life Endurance par Al Haramain (souvent associ\u00e9 \u00e0 Al Halal) est une eau de parfum unisexe bois\u00e9e et aromatique, con\u00e7ue pour ceux qui aiment repousser leurs limites. Ce parfum \u00e9nergique et sophistiqu\u00e9 combine des notes d&#8217; ald\u00e9hydes, de jasmin, de patchouli, d&#8217;oud, de c\u00e8dre et de musc pour une exp\u00e9rience intense et durable.<span class=\"Apple-converted-space\">\u00a0<\/span><\/p>","protected":false},"featured_media":480,"comment_status":"open","ping_status":"closed","template":"","meta":[],"product_brand":[],"product_cat":[70],"product_tag":[73],"class_list":{"0":"post-472","1":"product","2":"type-product","3":"status-publish","4":"has-post-thumbnail","6":"product_cat-parfums","7":"product_tag-parfums","9":"first","10":"instock","11":"shipping-taxable","12":"purchasable","13":"product-type-simple"},"_links":{"self":[{"href":"https:\/\/grandeur-authentique.com\/fr\/wp-json\/wp\/v2\/product\/472","targetHints":{"allow":["GET"]}}],"collection":[{"href":"https:\/\/grandeur-authentique.com\/fr\/wp-json\/wp\/v2\/product"}],"about":[{"href":"https:\/\/grandeur-authentique.com\/fr\/wp-json\/wp\/v2\/types\/product"}],"replies":[{"embeddable":true,"href":"https:\/\/grandeur-authentique.com\/fr\/wp-json\/wp\/v2\/comments?post=472"}],"wp:featuredmedia":[{"embeddable":true,"href":"https:\/\/grandeur-authentique.com\/fr\/wp-json\/wp\/v2\/media\/480"}],"wp:attachment":[{"href":"https:\/\/grandeur-authentique.com\/fr\/wp-json\/wp\/v2\/media?parent=472"}],"wp:term":[{"taxonomy":"product_brand","embeddable":true,"href":"https:\/\/grandeur-authentique.com\/fr\/wp-json\/wp\/v2\/product_brand?post=472"},{"taxonomy":"product_cat","embeddable":true,"href":"https:\/\/grandeur-authentique.com\/fr\/wp-json\/wp\/v2\/product_cat?post=472"},{"taxonomy":"product_tag","embeddable":true,"href":"https:\/\/grandeur-authentique.com\/fr\/wp-json\/wp\/v2\/product_tag?post=472"}],"curies":[{"name":"wp","href":"https:\/\/api.w.org\/{rel}","templated":true}]}}