{"id":473,"date":"2026-03-17T00:35:11","date_gmt":"2026-03-17T00:35:11","guid":{"rendered":"https:\/\/grandeur-authentique.com\/?post_type=product&#038;p=473"},"modified":"2026-03-17T00:35:11","modified_gmt":"2026-03-17T00:35:11","slug":"al-haramain-shades-of-life-serenity","status":"publish","type":"product","link":"https:\/\/grandeur-authentique.com\/fr\/produit\/al-haramain-shades-of-life-serenity\/","title":{"rendered":"Al Haramain Shades of Life Serenity"},"content":{"rendered":"<p>Al Haramain Shades of Life Serenity est une eau de toilette mixte, florale et \u00e9nergisante, con\u00e7ue pour apporter calme et fra\u00eecheur. Ce parfum se caract\u00e9rise par un m\u00e9lange vibrant de jasmin, d&#8217;agrumes, de camomille, de rose et d&#8217;herbe coup\u00e9e, cr\u00e9ant une ambiance apaisante id\u00e9ale pour les journ\u00e9es ensoleill\u00e9es.<\/p>","protected":false},"excerpt":{"rendered":"<p>Al Haramain Shades of Life Serenity est une eau de toilette mixte, florale et \u00e9nergisante, con\u00e7ue pour apporter calme et fra\u00eecheur. Ce parfum se caract\u00e9rise par un m\u00e9lange vibrant de jasmin, d&#8217;agrumes, de camomille, de rose et d&#8217;herbe coup\u00e9e, cr\u00e9ant une ambiance apaisante id\u00e9ale pour les journ\u00e9es ensoleill\u00e9es.<\/p>","protected":false},"featured_media":480,"comment_status":"open","ping_status":"closed","template":"","meta":[],"product_brand":[],"product_cat":[70],"product_tag":[73],"class_list":{"0":"post-473","1":"product","2":"type-product","3":"status-publish","4":"has-post-thumbnail","6":"product_cat-parfums","7":"product_tag-parfums","9":"first","10":"instock","11":"shipping-taxable","12":"purchasable","13":"product-type-simple"},"_links":{"self":[{"href":"https:\/\/grandeur-authentique.com\/fr\/wp-json\/wp\/v2\/product\/473","targetHints":{"allow":["GET"]}}],"collection":[{"href":"https:\/\/grandeur-authentique.com\/fr\/wp-json\/wp\/v2\/product"}],"about":[{"href":"https:\/\/grandeur-authentique.com\/fr\/wp-json\/wp\/v2\/types\/product"}],"replies":[{"embeddable":true,"href":"https:\/\/grandeur-authentique.com\/fr\/wp-json\/wp\/v2\/comments?post=473"}],"wp:featuredmedia":[{"embeddable":true,"href":"https:\/\/grandeur-authentique.com\/fr\/wp-json\/wp\/v2\/media\/480"}],"wp:attachment":[{"href":"https:\/\/grandeur-authentique.com\/fr\/wp-json\/wp\/v2\/media?parent=473"}],"wp:term":[{"taxonomy":"product_brand","embeddable":true,"href":"https:\/\/grandeur-authentique.com\/fr\/wp-json\/wp\/v2\/product_brand?post=473"},{"taxonomy":"product_cat","embeddable":true,"href":"https:\/\/grandeur-authentique.com\/fr\/wp-json\/wp\/v2\/product_cat?post=473"},{"taxonomy":"product_tag","embeddable":true,"href":"https:\/\/grandeur-authentique.com\/fr\/wp-json\/wp\/v2\/product_tag?post=473"}],"curies":[{"name":"wp","href":"https:\/\/api.w.org\/{rel}","templated":true}]}}