{"id":474,"date":"2026-03-17T00:36:26","date_gmt":"2026-03-17T00:36:26","guid":{"rendered":"https:\/\/grandeur-authentique.com\/?post_type=product&#038;p=474"},"modified":"2026-03-17T00:36:26","modified_gmt":"2026-03-17T00:36:26","slug":"al-sultana-sharqiyat","status":"publish","type":"product","link":"https:\/\/grandeur-authentique.com\/fr\/produit\/al-sultana-sharqiyat\/","title":{"rendered":"AL SULTANA SHARQIYAT"},"content":{"rendered":"<p>Al Sultana Sharqiyat par Khalis Perfumes est un parfum oriental floral mixte qui incarne la puissance, l&#8217;\u00e9l\u00e9gance et le luxe. Cette fragrance audacieuse et intemporelle est con\u00e7ue pour ceux qui recherchent la grandeur, offrant un sillage intense et sophistiqu\u00e9 id\u00e9al pour marquer les esprits.<\/p>","protected":false},"excerpt":{"rendered":"<p>Al Sultana Sharqiyat par Khalis Perfumes est un parfum oriental floral mixte qui incarne la puissance, l&#8217;\u00e9l\u00e9gance et le luxe. Cette fragrance audacieuse et intemporelle est con\u00e7ue pour ceux qui recherchent la grandeur, offrant un sillage intense et sophistiqu\u00e9 id\u00e9al pour marquer les esprits.<\/p>","protected":false},"featured_media":477,"comment_status":"open","ping_status":"closed","template":"","meta":[],"product_brand":[],"product_cat":[70],"product_tag":[73],"class_list":{"0":"post-474","1":"product","2":"type-product","3":"status-publish","4":"has-post-thumbnail","6":"product_cat-parfums","7":"product_tag-parfums","9":"first","10":"instock","11":"shipping-taxable","12":"purchasable","13":"product-type-simple"},"_links":{"self":[{"href":"https:\/\/grandeur-authentique.com\/fr\/wp-json\/wp\/v2\/product\/474","targetHints":{"allow":["GET"]}}],"collection":[{"href":"https:\/\/grandeur-authentique.com\/fr\/wp-json\/wp\/v2\/product"}],"about":[{"href":"https:\/\/grandeur-authentique.com\/fr\/wp-json\/wp\/v2\/types\/product"}],"replies":[{"embeddable":true,"href":"https:\/\/grandeur-authentique.com\/fr\/wp-json\/wp\/v2\/comments?post=474"}],"wp:featuredmedia":[{"embeddable":true,"href":"https:\/\/grandeur-authentique.com\/fr\/wp-json\/wp\/v2\/media\/477"}],"wp:attachment":[{"href":"https:\/\/grandeur-authentique.com\/fr\/wp-json\/wp\/v2\/media?parent=474"}],"wp:term":[{"taxonomy":"product_brand","embeddable":true,"href":"https:\/\/grandeur-authentique.com\/fr\/wp-json\/wp\/v2\/product_brand?post=474"},{"taxonomy":"product_cat","embeddable":true,"href":"https:\/\/grandeur-authentique.com\/fr\/wp-json\/wp\/v2\/product_cat?post=474"},{"taxonomy":"product_tag","embeddable":true,"href":"https:\/\/grandeur-authentique.com\/fr\/wp-json\/wp\/v2\/product_tag?post=474"}],"curies":[{"name":"wp","href":"https:\/\/api.w.org\/{rel}","templated":true}]}}