{"id":486,"date":"2026-03-17T00:39:11","date_gmt":"2026-03-17T00:39:11","guid":{"rendered":"https:\/\/grandeur-authentique.com\/?post_type=product&#038;p=486"},"modified":"2026-03-17T00:39:12","modified_gmt":"2026-03-17T00:39:12","slug":"al-haramain-urbanist","status":"publish","type":"product","link":"https:\/\/grandeur-authentique.com\/fr\/produit\/al-haramain-urbanist\/","title":{"rendered":"Al Haramain Urbanist"},"content":{"rendered":"<p>Al Haramain Urbanist Femme est une eau de parfum chypr\u00e9e-florale moderne et sophistiqu\u00e9e, con\u00e7ue pour la femme cosmopolite. Ce parfum \u00e9quilibr\u00e9 s&#8217;ouvre sur des notes fruit\u00e9es d&#8217;agrumes, \u00e9volue vers un c\u0153ur romantique de jasmin et d&#8217;iris, et se fixe sur un fond sensuel de musc, d&#8217;ambre et de patchouli.<\/p>","protected":false},"excerpt":{"rendered":"<p>Al Haramain Urbanist Femme est une eau de parfum chypr\u00e9e-florale moderne et sophistiqu\u00e9e, con\u00e7ue pour la femme cosmopolite. Ce parfum \u00e9quilibr\u00e9 s&#8217;ouvre sur des notes fruit\u00e9es d&#8217;agrumes, \u00e9volue vers un c\u0153ur romantique de jasmin et d&#8217;iris, et se fixe sur un fond sensuel de musc, d&#8217;ambre et de patchouli.<\/p>","protected":false},"featured_media":484,"comment_status":"open","ping_status":"closed","template":"","meta":[],"product_brand":[],"product_cat":[70],"product_tag":[73],"class_list":{"0":"post-486","1":"product","2":"type-product","3":"status-publish","4":"has-post-thumbnail","6":"product_cat-parfums","7":"product_tag-parfums","9":"first","10":"instock","11":"shipping-taxable","12":"purchasable","13":"product-type-simple"},"_links":{"self":[{"href":"https:\/\/grandeur-authentique.com\/fr\/wp-json\/wp\/v2\/product\/486","targetHints":{"allow":["GET"]}}],"collection":[{"href":"https:\/\/grandeur-authentique.com\/fr\/wp-json\/wp\/v2\/product"}],"about":[{"href":"https:\/\/grandeur-authentique.com\/fr\/wp-json\/wp\/v2\/types\/product"}],"replies":[{"embeddable":true,"href":"https:\/\/grandeur-authentique.com\/fr\/wp-json\/wp\/v2\/comments?post=486"}],"wp:featuredmedia":[{"embeddable":true,"href":"https:\/\/grandeur-authentique.com\/fr\/wp-json\/wp\/v2\/media\/484"}],"wp:attachment":[{"href":"https:\/\/grandeur-authentique.com\/fr\/wp-json\/wp\/v2\/media?parent=486"}],"wp:term":[{"taxonomy":"product_brand","embeddable":true,"href":"https:\/\/grandeur-authentique.com\/fr\/wp-json\/wp\/v2\/product_brand?post=486"},{"taxonomy":"product_cat","embeddable":true,"href":"https:\/\/grandeur-authentique.com\/fr\/wp-json\/wp\/v2\/product_cat?post=486"},{"taxonomy":"product_tag","embeddable":true,"href":"https:\/\/grandeur-authentique.com\/fr\/wp-json\/wp\/v2\/product_tag?post=486"}],"curies":[{"name":"wp","href":"https:\/\/api.w.org\/{rel}","templated":true}]}}